{"id":10564,"date":"2024-10-23T00:47:53","date_gmt":"2024-10-23T03:47:53","guid":{"rendered":"https:\/\/www.claretbsas.edu.ar\/?page_id=10564"},"modified":"2025-11-13T09:03:46","modified_gmt":"2025-11-13T12:03:46","slug":"colonia-de-verano","status":"publish","type":"page","link":"https:\/\/www.claretbsas.edu.ar\/index.php\/colonia-de-verano\/","title":{"rendered":"COLONIA DE VERANO"},"content":{"rendered":"\n<p>En enero y febrero, el Colegio Claret vuelve a abrir sus puertas para ofrecer una propuesta \u00fanica de verano: la <strong>Colonia Claret<\/strong>, un espacio cuidado, alegre y lleno de experiencias inolvidables. Dirigida a ni\u00f1as y ni\u00f1os desde quienes terminan sala de 2 hasta quienes finalizan 7\u00b0 grado, la colonia propone un verano en el que jugar, disfrutar y aprender van de la mano.<\/p>\n\n\n\n<p>Con sedes en el propio colegio y en el campo de deportes de Moreno, cada jornada est\u00e1 pensada para acompa\u00f1ar el crecimiento, fortalecer v\u00ednculos y fomentar la autonom\u00eda, siempre desde el afecto y el juego. Las actividades incluyen talleres art\u00edsticos, juegos recreativos, propuestas acu\u00e1ticas en piletas adaptadas a cada grupo etario, salidas semanales al campo, campamento, semanas tem\u00e1ticas y mucho m\u00e1s.<\/p>\n\n\n\n<p>El equipo docente y de coordinaci\u00f3n, liderado por el Prof. Joel Donadio, trabaja con compromiso y cercan\u00eda, asegurando un entorno seguro, divertido y significativo para cada colono. Adem\u00e1s, se promueve el desarrollo de habilidades acu\u00e1ticas, la confianza en uno mismo y la vida en grupo, con actividades dise\u00f1adas especialmente para cada etapa.<\/p>\n\n\n\n<p>La colonia se organiza en distintas modalidades de contrataci\u00f3n (por temporada, mes, quincena, semana o d\u00eda), con opciones de media jornada o jornada completa, y ofrece espacios especialmente preparados para cada edad, como m\u00faltiples piletas en el predio escolar.<\/p>\n\n\n\n<p>Con alegr\u00eda, juegos, naturaleza y mucho cuidado, <strong>la Colonia Claret es una invitaci\u00f3n a vivir el verano en comunidad<\/strong>.<\/p>\n\n\n\n<div style=\"position: relative; width: 100%; height: 0; padding-top: 56.2500%;\n padding-bottom: 0; box-shadow: 0 2px 8px 0 rgba(63,69,81,0.16); margin-top: 1.6em; margin-bottom: 0.9em; overflow: hidden;\n border-radius: 8px; will-change: transform;\">\n  <iframe loading=\"lazy\" style=\"position: absolute; width: 100%; height: 100%; top: 0; left: 0; border: none; padding: 0;margin: 0;\"\n    src=\"https:\/\/www.canva.com\/design\/DAG2nEbulZc\/-dNJN0EK85YXGjvTR6TTTA\/view?embed\" allowfullscreen=\"allowfullscreen\" allow=\"fullscreen\">\n  <\/iframe>\n<\/div>\n<a href=\"https:&#x2F;&#x2F;www.canva.com&#x2F;design&#x2F;DAG2nEbulZc&#x2F;-dNJN0EK85YXGjvTR6TTTA&#x2F;view?utm_content=DAG2nEbulZc&amp;utm_campaign=designshare&amp;utm_medium=embeds&amp;utm_source=link\" target=\"_blank\" rel=\"noopener\">Colonia 2026<\/a> de Gabriela Morelli\n\n\n\n<p><\/p>\n","protected":false},"excerpt":{"rendered":"<p>En enero y febrero, el Colegio Claret vuelve a abrir sus puertas para ofrecer una propuesta \u00fanica de verano: la Colonia Claret, un espacio cuidado, alegre y lleno de experiencias inolvidables. Dirigida a ni\u00f1as y ni\u00f1os desde quienes terminan sala de 2 hasta quienes finalizan 7\u00b0 grado, la colonia propone un verano en el que [&hellip;]<\/p>\n","protected":false},"author":1,"featured_media":0,"parent":0,"menu_order":0,"comment_status":"closed","ping_status":"closed","template":"","meta":{"footnotes":""},"class_list":["post-10564","page","type-page","status-publish","hentry"],"_links":{"self":[{"href":"https:\/\/www.claretbsas.edu.ar\/index.php\/wp-json\/wp\/v2\/pages\/10564","targetHints":{"allow":["GET"]}}],"collection":[{"href":"https:\/\/www.claretbsas.edu.ar\/index.php\/wp-json\/wp\/v2\/pages"}],"about":[{"href":"https:\/\/www.claretbsas.edu.ar\/index.php\/wp-json\/wp\/v2\/types\/page"}],"author":[{"embeddable":true,"href":"https:\/\/www.claretbsas.edu.ar\/index.php\/wp-json\/wp\/v2\/users\/1"}],"replies":[{"embeddable":true,"href":"https:\/\/www.claretbsas.edu.ar\/index.php\/wp-json\/wp\/v2\/comments?post=10564"}],"version-history":[{"count":5,"href":"https:\/\/www.claretbsas.edu.ar\/index.php\/wp-json\/wp\/v2\/pages\/10564\/revisions"}],"predecessor-version":[{"id":10925,"href":"https:\/\/www.claretbsas.edu.ar\/index.php\/wp-json\/wp\/v2\/pages\/10564\/revisions\/10925"}],"wp:attachment":[{"href":"https:\/\/www.claretbsas.edu.ar\/index.php\/wp-json\/wp\/v2\/media?parent=10564"}],"curies":[{"name":"wp","href":"https:\/\/api.w.org\/{rel}","templated":true}]}}